{"id":133,"date":"2026-01-07T22:25:32","date_gmt":"2026-01-07T22:25:32","guid":{"rendered":"http:\/\/www.celikozgur.com\/index.php\/elementor-plugin\/"},"modified":"2026-01-09T00:38:18","modified_gmt":"2026-01-09T00:38:18","slug":"elementor-plugin","status":"publish","type":"page","link":"https:\/\/www.celikozgur.com\/index.php\/elementor-plugin\/","title":{"rendered":"E\u011fitim Hizmetleri"},"content":{"rendered":"<p>Brokerlar ve Gayrimenkul dan\u0131\u015fmanlar\u0131 i\u00e7in ba\u015flang\u0131\u00e7, standart ve ileri d\u00fczey e\u011fitim paketleri<\/p>\n","protected":false},"excerpt":{"rendered":"<p>Brokerlar ve Gayrimenkul dan\u0131\u015fmanlar\u0131 i\u00e7in ba\u015flang\u0131\u00e7, standart ve ileri d\u00fczey e\u011fitim paketleri<\/p>\n","protected":false},"author":1,"featured_media":219,"parent":0,"menu_order":0,"comment_status":"closed","ping_status":"closed","template":"","meta":{"footnotes":""},"class_list":["post-133","page","type-page","status-publish","has-post-thumbnail","hentry"],"_links":{"self":[{"href":"https:\/\/www.celikozgur.com\/index.php\/wp-json\/wp\/v2\/pages\/133","targetHints":{"allow":["GET"]}}],"collection":[{"href":"https:\/\/www.celikozgur.com\/index.php\/wp-json\/wp\/v2\/pages"}],"about":[{"href":"https:\/\/www.celikozgur.com\/index.php\/wp-json\/wp\/v2\/types\/page"}],"author":[{"embeddable":true,"href":"https:\/\/www.celikozgur.com\/index.php\/wp-json\/wp\/v2\/users\/1"}],"replies":[{"embeddable":true,"href":"https:\/\/www.celikozgur.com\/index.php\/wp-json\/wp\/v2\/comments?post=133"}],"version-history":[{"count":1,"href":"https:\/\/www.celikozgur.com\/index.php\/wp-json\/wp\/v2\/pages\/133\/revisions"}],"predecessor-version":[{"id":218,"href":"https:\/\/www.celikozgur.com\/index.php\/wp-json\/wp\/v2\/pages\/133\/revisions\/218"}],"wp:featuredmedia":[{"embeddable":true,"href":"https:\/\/www.celikozgur.com\/index.php\/wp-json\/wp\/v2\/media\/219"}],"wp:attachment":[{"href":"https:\/\/www.celikozgur.com\/index.php\/wp-json\/wp\/v2\/media?parent=133"}],"curies":[{"name":"wp","href":"https:\/\/api.w.org\/{rel}","templated":true}]}}