{"id":132,"date":"2026-01-07T22:25:32","date_gmt":"2026-01-07T22:25:32","guid":{"rendered":"http:\/\/www.celikozgur.com\/index.php\/woocommerce-ready\/"},"modified":"2026-01-09T00:39:02","modified_gmt":"2026-01-09T00:39:02","slug":"woocommerce-ready","status":"publish","type":"page","link":"https:\/\/www.celikozgur.com\/index.php\/woocommerce-ready\/","title":{"rendered":"Ofis Kurulumu ve S\u00fcrd\u00fcr\u00fclebilirlik Hizmetleri"},"content":{"rendered":"<p>Gayrimenkul sekt\u00f6r\u00fcne yeni girecek broker adaylar\u0131 veya hen\u00fcz ofis sistemini kuramam\u0131\u015f brokerlar i\u00e7in ofis sistem kurulumlar\u0131 ve s\u00fcrd\u00fcr\u00fclebilirlik destekleri.<\/p>\n","protected":false},"excerpt":{"rendered":"<p>Gayrimenkul sekt\u00f6r\u00fcne yeni girecek broker adaylar\u0131 veya hen\u00fcz ofis sistemini kuramam\u0131\u015f brokerlar i\u00e7in ofis sistem kurulumlar\u0131 ve s\u00fcrd\u00fcr\u00fclebilirlik destekleri.<\/p>\n","protected":false},"author":1,"featured_media":111,"parent":0,"menu_order":0,"comment_status":"closed","ping_status":"closed","template":"","meta":{"footnotes":""},"class_list":["post-132","page","type-page","status-publish","has-post-thumbnail","hentry"],"_links":{"self":[{"href":"https:\/\/www.celikozgur.com\/index.php\/wp-json\/wp\/v2\/pages\/132","targetHints":{"allow":["GET"]}}],"collection":[{"href":"https:\/\/www.celikozgur.com\/index.php\/wp-json\/wp\/v2\/pages"}],"about":[{"href":"https:\/\/www.celikozgur.com\/index.php\/wp-json\/wp\/v2\/types\/page"}],"author":[{"embeddable":true,"href":"https:\/\/www.celikozgur.com\/index.php\/wp-json\/wp\/v2\/users\/1"}],"replies":[{"embeddable":true,"href":"https:\/\/www.celikozgur.com\/index.php\/wp-json\/wp\/v2\/comments?post=132"}],"version-history":[{"count":1,"href":"https:\/\/www.celikozgur.com\/index.php\/wp-json\/wp\/v2\/pages\/132\/revisions"}],"predecessor-version":[{"id":215,"href":"https:\/\/www.celikozgur.com\/index.php\/wp-json\/wp\/v2\/pages\/132\/revisions\/215"}],"wp:featuredmedia":[{"embeddable":true,"href":"https:\/\/www.celikozgur.com\/index.php\/wp-json\/wp\/v2\/media\/111"}],"wp:attachment":[{"href":"https:\/\/www.celikozgur.com\/index.php\/wp-json\/wp\/v2\/media?parent=132"}],"curies":[{"name":"wp","href":"https:\/\/api.w.org\/{rel}","templated":true}]}}