{"id":131,"date":"2026-01-07T22:25:32","date_gmt":"2026-01-07T22:25:32","guid":{"rendered":"http:\/\/www.celikozgur.com\/index.php\/easy-customizable\/"},"modified":"2026-01-09T00:19:03","modified_gmt":"2026-01-09T00:19:03","slug":"easy-customizable","status":"publish","type":"page","link":"https:\/\/www.celikozgur.com\/index.php\/easy-customizable\/","title":{"rendered":"Gayrimenkul Dan\u0131\u015fmanl\u0131\u011f\u0131"},"content":{"rendered":"\n<p>\u0130stanbul Ka\u011f\u0131thane ba\u015fta olmak \u00fczere T\u00fcrkiye&#8217;nin pek \u00e7ok noktas\u0131nda gayrimenkul al\u0131m, sat\u0131m ve kiralamalar\u0131na arac\u0131l\u0131k hizmeti veriyorum.<br><br><\/p>\n","protected":false},"excerpt":{"rendered":"<p>\u0130stanbul Ka\u011f\u0131thane ba\u015fta olmak \u00fczere T\u00fcrkiye&#8217;nin pek \u00e7ok noktas\u0131nda gayrimenkul al\u0131m, sat\u0131m ve kiralamalar\u0131na arac\u0131l\u0131k hizmeti veriyorum.<\/p>\n","protected":false},"author":1,"featured_media":154,"parent":0,"menu_order":0,"comment_status":"closed","ping_status":"closed","template":"","meta":{"footnotes":""},"class_list":["post-131","page","type-page","status-publish","has-post-thumbnail","hentry"],"_links":{"self":[{"href":"https:\/\/www.celikozgur.com\/index.php\/wp-json\/wp\/v2\/pages\/131","targetHints":{"allow":["GET"]}}],"collection":[{"href":"https:\/\/www.celikozgur.com\/index.php\/wp-json\/wp\/v2\/pages"}],"about":[{"href":"https:\/\/www.celikozgur.com\/index.php\/wp-json\/wp\/v2\/types\/page"}],"author":[{"embeddable":true,"href":"https:\/\/www.celikozgur.com\/index.php\/wp-json\/wp\/v2\/users\/1"}],"replies":[{"embeddable":true,"href":"https:\/\/www.celikozgur.com\/index.php\/wp-json\/wp\/v2\/comments?post=131"}],"version-history":[{"count":9,"href":"https:\/\/www.celikozgur.com\/index.php\/wp-json\/wp\/v2\/pages\/131\/revisions"}],"predecessor-version":[{"id":211,"href":"https:\/\/www.celikozgur.com\/index.php\/wp-json\/wp\/v2\/pages\/131\/revisions\/211"}],"wp:featuredmedia":[{"embeddable":true,"href":"https:\/\/www.celikozgur.com\/index.php\/wp-json\/wp\/v2\/media\/154"}],"wp:attachment":[{"href":"https:\/\/www.celikozgur.com\/index.php\/wp-json\/wp\/v2\/media?parent=131"}],"curies":[{"name":"wp","href":"https:\/\/api.w.org\/{rel}","templated":true}]}}