{"id":184,"date":"2026-01-08T23:27:18","date_gmt":"2026-01-08T23:27:18","guid":{"rendered":"http:\/\/www.celikozgur.com\/?page_id=184"},"modified":"2026-01-08T23:29:43","modified_gmt":"2026-01-08T23:29:43","slug":"ozgur-celik-hakkinda","status":"publish","type":"page","link":"http:\/\/www.celikozgur.com\/index.php\/ozgur-celik-hakkinda\/","title":{"rendered":"\u00d6zg\u00fcr \u00c7elik Hakk\u0131nda"},"content":{"rendered":"<div class=\"wp-block-image\">\n<figure class=\"aligncenter size-full is-resized\"><img loading=\"lazy\" decoding=\"async\" width=\"591\" height=\"591\" src=\"http:\/\/www.celikozgur.com\/wp-content\/uploads\/2026\/01\/facebook-profil1.jpg\" alt=\"\" class=\"wp-image-187\" style=\"width:257px;height:auto\" srcset=\"http:\/\/www.celikozgur.com\/wp-content\/uploads\/2026\/01\/facebook-profil1.jpg 591w, http:\/\/www.celikozgur.com\/wp-content\/uploads\/2026\/01\/facebook-profil1-300x300.jpg 300w, http:\/\/www.celikozgur.com\/wp-content\/uploads\/2026\/01\/facebook-profil1-150x150.jpg 150w\" sizes=\"auto, (max-width: 591px) 100vw, 591px\" \/><\/figure>\n<\/div>\n\n\n<p>Denizcilik e\u011fitimi sonras\u0131 uzakyol gemilerinde Telsiz zabitli\u011fi, 4. kaptan, 3. kaptanl\u0131k gibi \u00e7e\u015fitli g\u00f6revlerde bulundu. Kentsel d\u00f6n\u00fc\u015f\u00fcm yasas\u0131 ile beraber gayrimenkul sekt\u00f6r\u00fc ilgisini \u00e7ekmeye ba\u015flad\u0131, e\u011fitim ve i\u015f ya\u015fam\u0131 boyunca edindi\u011fi disiplinle bu sekt\u00f6rde ba\u015far\u0131l\u0131 olaca\u011f\u0131na inanarak 2012 y\u0131l\u0131nda Remax Ka\u011f\u0131thane b\u00fcnyesinde sekt\u00f6re girdi. Profesyonel ve bilin\u00e7li hizmet verebilmek ad\u0131na, &#8220;Emlak ve emlak y\u00f6netimi&#8221; b\u00f6l\u00fcm\u00fcn\u00fc e\u011fitimini tamamlayarak, diplomas\u0131n\u0131 ald\u0131. Bulundu\u011fu ofisin marka de\u011fi\u015fimi nedeni ile Century21 Ka\u011f\u0131thane ofisi b\u00fcnyesinde hizmet vermeye devam etti. \u0130\u015f ya\u015fam\u0131 devam ederken, sat\u0131\u015f pazarlama, m\u00fczakere, kentsel d\u00f6n\u00fc\u015f\u00fcm, ticari gayrimenkul pazarlama, gibi pek \u00e7ok e\u011fitime kat\u0131ld\u0131. Yapm\u0131\u015f oldu\u011fu sat\u0131\u015f ve kiralama i\u015flemleri ile konut ve ticari gayrimenkul alan\u0131nda kendinden bahsedilmesini sa\u011flad\u0131. Efektif Gayrimenkul Blox Hali\u00e7 3. etap sitesi sat\u0131\u015f ofisli\u011fi, Fer yap\u0131 premier kamp\u00fcs ofis projesi tam kat kiralama i\u015flemleri, Fiba holding ofishane binas\u0131 tam kat kiralama i\u015flemleri b\u00f6lgesinde bilinen ve aranan dan\u0131\u015fman olmas\u0131n\u0131 sa\u011flad\u0131. 2020 y\u0131l\u0131nda b\u00f6lgesinde kaliteli hizmet verebilmek ve gen\u00e7 giri\u015fimcilere \u00f6rnek olabilmek ad\u0131na Coldwell Banker Vadi Gayrimenkul ofisini kurdu. Bug\u00fcn hala konut ve ticari gayrimenkul al\u0131m, sat\u0131m ve kiralama i\u015flemleri i\u00e7in arac\u0131l\u0131k hizmeti vermekte ayn\u0131 zamanda ofisi b\u00fcnyesinde gayrimenkul dan\u0131\u015fmanlar\u0131 yeti\u015ftirmektedir.<br>2026 Y\u0131l\u0131nda gayrimenkul sekt\u00f6r\u00fcnde uzun s\u00fcredir g\u00f6rd\u00fc\u011f\u00fc sorunlar\u0131 \u00e7\u00f6z\u00fcme kavu\u015fturabilmek ad\u0131na &#8220;\u00d6zg\u00fcr \u00c7elik Office Growth Company&#8221; \u015firketini kurarak sadece gayrimenkul dan\u0131\u015fmanlar\u0131na de\u011fil, gayrimenkul sekt\u00f6r\u00fcne broker olarak girmek isteyen yat\u0131r\u0131mc\u0131lara, ofis sahiplerine kurulum, s\u00fcrd\u00fcr\u00fclebilirlik ve e\u011fitim hizmetleri vermeye ba\u015flad\u0131.<br><\/p>\n","protected":false},"excerpt":{"rendered":"<p>Denizcilik e\u011fitimi sonras\u0131 uzakyol gemilerinde Telsiz zabitli\u011fi, 4. kaptan, 3. kaptanl\u0131k gibi \u00e7e\u015fitli g\u00f6revlerde bulundu. Kentsel d\u00f6n\u00fc\u015f\u00fcm yasas\u0131 ile beraber gayrimenkul sekt\u00f6r\u00fc ilgisini \u00e7ekmeye ba\u015flad\u0131, e\u011fitim ve i\u015f ya\u015fam\u0131 boyunca edindi\u011fi disiplinle bu sekt\u00f6rde ba\u015far\u0131l\u0131 olaca\u011f\u0131na inanarak 2012 y\u0131l\u0131nda Remax Ka\u011f\u0131thane b\u00fcnyesinde sekt\u00f6re girdi. Profesyonel ve bilin\u00e7li hizmet verebilmek ad\u0131na, &#8220;Emlak ve emlak y\u00f6netimi&#8221; b\u00f6l\u00fcm\u00fcn\u00fc [&hellip;]<\/p>\n","protected":false},"author":1,"featured_media":187,"parent":0,"menu_order":0,"comment_status":"closed","ping_status":"closed","template":"","meta":{"footnotes":""},"class_list":["post-184","page","type-page","status-publish","has-post-thumbnail","hentry"],"_links":{"self":[{"href":"http:\/\/www.celikozgur.com\/index.php\/wp-json\/wp\/v2\/pages\/184","targetHints":{"allow":["GET"]}}],"collection":[{"href":"http:\/\/www.celikozgur.com\/index.php\/wp-json\/wp\/v2\/pages"}],"about":[{"href":"http:\/\/www.celikozgur.com\/index.php\/wp-json\/wp\/v2\/types\/page"}],"author":[{"embeddable":true,"href":"http:\/\/www.celikozgur.com\/index.php\/wp-json\/wp\/v2\/users\/1"}],"replies":[{"embeddable":true,"href":"http:\/\/www.celikozgur.com\/index.php\/wp-json\/wp\/v2\/comments?post=184"}],"version-history":[{"count":2,"href":"http:\/\/www.celikozgur.com\/index.php\/wp-json\/wp\/v2\/pages\/184\/revisions"}],"predecessor-version":[{"id":188,"href":"http:\/\/www.celikozgur.com\/index.php\/wp-json\/wp\/v2\/pages\/184\/revisions\/188"}],"wp:featuredmedia":[{"embeddable":true,"href":"http:\/\/www.celikozgur.com\/index.php\/wp-json\/wp\/v2\/media\/187"}],"wp:attachment":[{"href":"http:\/\/www.celikozgur.com\/index.php\/wp-json\/wp\/v2\/media?parent=184"}],"curies":[{"name":"wp","href":"https:\/\/api.w.org\/{rel}","templated":true}]}}